{"id":8362,"date":"2021-07-28T09:54:27","date_gmt":"2021-07-28T07:54:27","guid":{"rendered":"https:\/\/city.w3po.de\/?page_id=8362"},"modified":"2021-10-18T09:15:18","modified_gmt":"2021-10-18T07:15:18","slug":"impressum","status":"publish","type":"page","link":"https:\/\/city.w3po.de\/en\/impressum\/","title":{"rendered":"Impressum"},"content":{"rendered":"\n<div class=\"wp-block-columns\">\n<div class=\"wp-block-column\">\n<p><strong>City-Apartments<\/strong><br>K\u00f6rnerstra\u00dfe 5<br>30159 Hannover<\/p>\n\n\n\n<p>Telefon: +49 (0)511 . 1 23 46 50<br>E-Mail: info@city-apartments.com<\/p>\n\n\n\n<p><strong>Postanschrift:<\/strong><br>city-apartments GmbH &#038; Co. KG<br>Im M\u00f6rsewinkel 5<br>30900 Wedemark<\/p>\n\n\n\n<p>Handelsregister Hannover, HRA 203109<br>USt.-IdNr.: DE296043064<\/p>\n<\/div>\n\n\n\n<div class=\"wp-block-column\">\n<p><strong>Pers\u00f6nlich haftender Gesellschafter:<\/strong><br>city-apartment management GmbH<br>Im M\u00f6rsewinkel 5<br>30900 Wedemark<\/p>\n\n\n\n<p>Handelsregister Hannover, HRB 211052<\/p>\n\n\n\n<p><strong>Gesch\u00e4ftsf\u00fchrer<\/strong><br>Cord-Roland Rinke<\/p>\n\n\n\n<p><strong>Konzept und Realisierung<\/strong><br>Impuls Werbeagentur, Hannover<br><a href=\"http:\/\/www.werbeagentur-impuls.de\/\" target=\"_blank\" rel=\"noreferrer noopener\">www.werbeagentur-impuls.de<\/a><\/p>\n<\/div>\n<\/div>\n\n\n\n<p><strong>Haftungsausschluss<\/strong><br>Der Autor \u00fcbernimmt keinerlei Gew\u00e4hr f\u00fcr die Aktualit\u00e4t, Korrektheit, Vollst\u00e4ndigkeit oder Qualit\u00e4t der bereitgestellten Informationen. Haftungsanspr\u00fcche gegen den Autor, welche sich auf Sch\u00e4den materieller oder ideeller Art beziehen, die durch die Nutzung oder Nichtnutzung der dargebotenen Informationen bzw. durch die Nutzung fehlerhafter und unvollst\u00e4ndiger Informationen verursacht wurden, sind grunds\u00e4tzlich ausgeschlossen, sofern seitens des Autors kein nachweislich vors\u00e4tzliches oder grob fahrl\u00e4ssiges Verschulden vorliegt.<\/p>\n\n\n\n<p>Alle Angebote sind freibleibend und unverbindlich. Der Autor beh\u00e4lt es sich ausdr\u00fccklich vor, Teile der Seiten oder das gesamte Angebot ohne gesonderte Ank\u00fcndigung zu ver\u00e4ndern, zu erg\u00e4nzen, zu l\u00f6schen oder die Ver\u00f6ffentlichung zeitweise oder endg\u00fcltig einzustellen.<\/p>\n\n\n\n<p><strong>Urheberrechte<\/strong><br>Alle Rechte vorbehalten. Text, Bilder, Grafiken, Sound, Animationen und Videos sowie deren Anordnung auf Scheller-Transportes Websites unterliegen dem Schutz des Urheberrechts und anderer Schutzgesetze. Der Inhalt dieser Websites darf nicht zu kommerziellen Zwecken kopiert, verbreitet, ver\u00e4ndert oder Dritten zug\u00e4nglich gemacht werden.<\/p>\n\n\n\n<p><strong>Hinweis zu externen Links<\/strong><br>Soweit von dieser Website auf andere Websites verlinkt wird, weisen wir darauf hin, dass wir keinerlei Einfluss auf die Gestaltung und die Inhalte der verlinkten Seiten haben und wir uns deren Inhalt nicht zu Eigen machen. Das gilt f\u00fcr alle auf dieser Seite ausgebrachten externen Link. F\u00fcr verlinkte Seiten gilt, dass rechtswidrige Inhalte zum Zeitpunkt der Verlinkung nicht erkennbar waren. Die Links werden regelm\u00e4\u00dfig auf rechtswidrige Inhalte \u00fcberpr\u00fcft und bei Rechtsverletzungen unverz\u00fcglich entfernt.<\/p>\n\n\n\n<p><strong>Bildnachweis<\/strong><br>Icons made by <a href=\"http:\/\/www.freepik.com\">Freepik<\/a> from <a href=\"http:\/\/www.flaticon.com\">www.flaticon.com<\/a> is licensed by <a href=\"http:\/\/creativecommons.org\/licenses\/by\/3.0\/\">CC BY 3.0<\/a><br>Rathaus Hannover nachts mit Spiegelung im Maschteich: \u00a9 Mapics \/ <a href=\"http:\/\/www.fotolia.com\">Fotolia.com<\/a><br>Marktkirche und Zentrum von Hannover, Deutschland: \u00a9 Mapics \/ <a href=\"http:\/\/www.fotolia.com\">Fotolia.com<\/a><\/p>\n\n\n\n<p><strong>Rechtswirksamkeit dieses Haftungsausschlusses<\/strong><br>Dieser Haftungsausschluss ist als Teil des Internetangebotes zu betrachten, von dem aus auf diese Seite verwiesen wurde. Sofern Teile oder einzelne Formulierungen dieses Textes der geltenden Rechtslage nicht, nicht mehr oder nicht vollst\u00e4ndig entsprechen sollten, bleiben die \u00fcbrigen Teile des Dokumentes in ihrem Inhalt und ihrer G\u00fcltigkeit davon unber\u00fchrt.<\/p>\n","protected":false},"excerpt":{"rendered":"<p>City-ApartmentsK\u00f6rnerstra\u00dfe 530159 Hannover Telefon: +49 (0)511 . 1 23 46 50E-Mail: info@city-apartments.com Postanschrift:city-apartments GmbH &#038; Co. KGIm M\u00f6rsewinkel 530900 Wedemark Handelsregister Hannover, HRA 203109USt.-IdNr.: DE296043064 Pers\u00f6nlich haftender Gesellschafter:city-apartment management GmbHIm M\u00f6rsewinkel 530900 Wedemark Handelsregister Hannover, HRB 211052 Gesch\u00e4ftsf\u00fchrerCord-Roland Rinke Konzept und RealisierungImpuls Werbeagentur, Hannoverwww.werbeagentur-impuls.de HaftungsausschlussDer Autor \u00fcbernimmt keinerlei Gew\u00e4hr f\u00fcr die Aktualit\u00e4t, Korrektheit, Vollst\u00e4ndigkeit oder [&hellip;]<\/p>\n","protected":false},"author":1,"featured_media":0,"parent":0,"menu_order":0,"comment_status":"closed","ping_status":"closed","template":"","meta":{"_et_pb_use_builder":"","_et_pb_old_content":"","_et_gb_content_width":""},"_links":{"self":[{"href":"https:\/\/city.w3po.de\/en\/wp-json\/wp\/v2\/pages\/8362"}],"collection":[{"href":"https:\/\/city.w3po.de\/en\/wp-json\/wp\/v2\/pages"}],"about":[{"href":"https:\/\/city.w3po.de\/en\/wp-json\/wp\/v2\/types\/page"}],"author":[{"embeddable":true,"href":"https:\/\/city.w3po.de\/en\/wp-json\/wp\/v2\/users\/1"}],"replies":[{"embeddable":true,"href":"https:\/\/city.w3po.de\/en\/wp-json\/wp\/v2\/comments?post=8362"}],"version-history":[{"count":9,"href":"https:\/\/city.w3po.de\/en\/wp-json\/wp\/v2\/pages\/8362\/revisions"}],"predecessor-version":[{"id":8417,"href":"https:\/\/city.w3po.de\/en\/wp-json\/wp\/v2\/pages\/8362\/revisions\/8417"}],"wp:attachment":[{"href":"https:\/\/city.w3po.de\/en\/wp-json\/wp\/v2\/media?parent=8362"}],"curies":[{"name":"wp","href":"https:\/\/api.w.org\/{rel}","templated":true}]}}